{"id":24325,"date":"2025-06-16T18:10:18","date_gmt":"2025-06-16T15:10:18","guid":{"rendered":"https:\/\/goodnightkid.com\/europe\/?page_id=24325"},"modified":"2025-06-16T19:39:36","modified_gmt":"2025-06-16T16:39:36","slug":"cookie-policy","status":"publish","type":"page","link":"https:\/\/goodnightkid.com\/europe\/cookie-policy\/","title":{"rendered":"Cookie Policy"},"content":{"rendered":"<div class=\"fusion-fullwidth fullwidth-box fusion-builder-row-1 fusion-flex-container has-pattern-background has-mask-background nonhundred-percent-fullwidth non-hundred-percent-height-scrolling\" style=\"--awb-border-radius-top-left:0px;--awb-border-radius-top-right:0px;--awb-border-radius-bottom-right:0px;--awb-border-radius-bottom-left:0px;--awb-flex-wrap:wrap;\" ><div class=\"fusion-builder-row fusion-row fusion-flex-align-items-flex-start fusion-flex-content-wrap\" style=\"max-width:1216.8px;margin-left: calc(-4% \/ 2 );margin-right: calc(-4% \/ 2 );\"><div class=\"fusion-layout-column fusion_builder_column fusion-builder-column-0 fusion_builder_column_1_1 1_1 fusion-flex-column\" style=\"--awb-bg-size:cover;--awb-width-large:100%;--awb-margin-top-large:0px;--awb-spacing-right-large:1.92%;--awb-margin-bottom-large:20px;--awb-spacing-left-large:1.92%;--awb-width-medium:100%;--awb-order-medium:0;--awb-spacing-right-medium:1.92%;--awb-spacing-left-medium:1.92%;--awb-width-small:100%;--awb-order-small:0;--awb-spacing-right-small:1.92%;--awb-spacing-left-small:1.92%;\"><div class=\"fusion-column-wrapper fusion-column-has-shadow fusion-flex-justify-content-flex-start fusion-content-layout-column\"><div class=\"fusion-text fusion-text-1\"><h3 data-start=\"253\" data-end=\"510\"><strong>COOKIE POLICY<\/strong><\/h3>\n<p data-start=\"253\" data-end=\"510\">At <strong>goodnightkid.com\/europe<\/strong>, we value your privacy. This Cookie Policy explains what cookies are, how we use them, and your choices regarding their use in accordance with the <strong data-start=\"428\" data-end=\"473\">General Data Protection Regulation (GDPR)<\/strong> and other applicable laws in Europe.<\/p>\n<hr data-start=\"512\" data-end=\"515\" \/>\n<h3 data-start=\"517\" data-end=\"541\"><\/h3>\n<h3 data-start=\"517\" data-end=\"541\">1. What Are Cookies?<\/h3>\n<p data-start=\"543\" data-end=\"728\">Cookies are small text files stored on your device (computer, tablet, or mobile) when you visit a website. They help websites remember your preferences and enhance your user experience.<\/p>\n<hr data-start=\"730\" data-end=\"733\" \/>\n<h3 data-start=\"735\" data-end=\"765\"><\/h3>\n<h3 data-start=\"735\" data-end=\"765\"><\/h3>\n<h3 data-start=\"735\" data-end=\"765\">2. Types of Cookies We Use<\/h3>\n<div class=\"_tableContainer_16hzy_1\">\n<div class=\"_tableWrapper_16hzy_14 group flex w-fit flex-col-reverse\" tabindex=\"-1\">\n<table class=\"w-fit min-w-(--thread-content-width)\" data-start=\"767\" data-end=\"1245\">\n<thead data-start=\"767\" data-end=\"795\">\n<tr data-start=\"767\" data-end=\"795\">\n<th data-start=\"767\" data-end=\"774\" data-col-size=\"sm\">Type<\/th>\n<th data-start=\"774\" data-end=\"784\" data-col-size=\"md\">Purpose<\/th>\n<th data-start=\"784\" data-end=\"795\" data-col-size=\"sm\">Example<\/th>\n<\/tr>\n<\/thead>\n<tbody data-start=\"825\" data-end=\"1245\">\n<tr data-start=\"825\" data-end=\"943\">\n<td data-start=\"825\" data-end=\"849\" data-col-size=\"sm\"><strong data-start=\"827\" data-end=\"848\">Necessary Cookies<\/strong><\/td>\n<td data-col-size=\"md\" data-start=\"849\" data-end=\"925\">Essential for the website to function (e.g., login, language preference).<\/td>\n<td data-col-size=\"sm\" data-start=\"925\" data-end=\"943\">Session cookie<\/td>\n<\/tr>\n<tr data-start=\"944\" data-end=\"1049\">\n<td data-start=\"944\" data-end=\"968\" data-col-size=\"sm\"><strong data-start=\"946\" data-end=\"967\">Analytics Cookies<\/strong><\/td>\n<td data-col-size=\"md\" data-start=\"968\" data-end=\"1029\">Help us understand how visitors interact with the website.<\/td>\n<td data-col-size=\"sm\" data-start=\"1029\" data-end=\"1049\">Google Analytics<\/td>\n<\/tr>\n<tr data-start=\"1050\" data-end=\"1149\">\n<td data-start=\"1050\" data-end=\"1076\" data-col-size=\"sm\"><strong data-start=\"1052\" data-end=\"1075\">Advertising Cookies<\/strong><\/td>\n<td data-col-size=\"md\" data-start=\"1076\" data-end=\"1135\">Used to deliver relevant ads and measure ad performance.<\/td>\n<td data-col-size=\"sm\" data-start=\"1135\" data-end=\"1149\">Google Ads<\/td>\n<\/tr>\n<tr data-start=\"1150\" data-end=\"1245\">\n<td data-start=\"1150\" data-end=\"1178\" data-col-size=\"sm\"><strong data-start=\"1152\" data-end=\"1177\">Functionality Cookies<\/strong><\/td>\n<td data-col-size=\"md\" data-start=\"1178\" data-end=\"1224\">Remember your choices and enhance features.<\/td>\n<td data-col-size=\"sm\" data-start=\"1224\" data-end=\"1245\">Language selector<\/td>\n<\/tr>\n<\/tbody>\n<\/table>\n<div class=\"sticky end-(--thread-content-margin) h-0 self-end select-none\">\n<div class=\"absolute end-0 flex items-end\"><\/div>\n<\/div>\n<\/div>\n<\/div>\n<hr data-start=\"1247\" data-end=\"1250\" \/>\n<h3 data-start=\"1252\" data-end=\"1278\"><\/h3>\n<h3 data-start=\"1252\" data-end=\"1278\"><\/h3>\n<h3 data-start=\"1252\" data-end=\"1278\">3. Third-Party Cookies<\/h3>\n<p data-start=\"1280\" data-end=\"1408\">We may allow trusted third parties to place cookies on your device to support advertising and analytics services. These include:<\/p>\n<ul data-start=\"1410\" data-end=\"1520\">\n<li data-start=\"1410\" data-end=\"1430\">\n<p data-start=\"1412\" data-end=\"1430\">Google Analytics<\/p>\n<\/li>\n<li data-start=\"1431\" data-end=\"1453\">\n<p data-start=\"1433\" data-end=\"1453\">Google Tag Manager<\/p>\n<\/li>\n<li data-start=\"1454\" data-end=\"1479\">\n<p data-start=\"1456\" data-end=\"1479\">Meta (Facebook Pixel)<\/p>\n<\/li>\n<li data-start=\"1480\" data-end=\"1520\">\n<p data-start=\"1482\" data-end=\"1520\">Other advertising networks (as needed)<\/p>\n<\/li>\n<\/ul>\n<p data-start=\"1522\" data-end=\"1616\">These providers may collect and use information in accordance with their own privacy policies.<\/p>\n<hr data-start=\"1618\" data-end=\"1621\" \/>\n<h3 data-start=\"1623\" data-end=\"1651\">4. How We Obtain Consent<\/h3>\n<p data-start=\"1653\" data-end=\"1752\">On your first visit to our site, you will see a <strong data-start=\"1701\" data-end=\"1718\">cookie banner<\/strong> asking for your consent. You can:<\/p>\n<ul data-start=\"1754\" data-end=\"1834\">\n<li data-start=\"1754\" data-end=\"1774\">\n<p data-start=\"1756\" data-end=\"1774\">Accept all cookies<\/p>\n<\/li>\n<li data-start=\"1775\" data-end=\"1805\">\n<p data-start=\"1777\" data-end=\"1805\">Reject non-essential cookies<\/p>\n<\/li>\n<li data-start=\"1806\" data-end=\"1834\">\n<p data-start=\"1808\" data-end=\"1834\">Customize your preferences<\/p>\n<\/li>\n<\/ul>\n<p data-start=\"1836\" data-end=\"1936\">You can update your preferences at any time by clicking the cookie icon at the bottom of the screen.<\/p>\n<hr data-start=\"1618\" data-end=\"1621\" \/>\n<h3 data-start=\"1943\" data-end=\"1981\">5. How to Manage or Delete Cookies<\/h3>\n<p data-start=\"1983\" data-end=\"2019\">You can manage your cookie settings:<\/p>\n<ul data-start=\"2021\" data-end=\"2301\">\n<li data-start=\"2021\" data-end=\"2064\">\n<p data-start=\"2023\" data-end=\"2064\"><strong data-start=\"2023\" data-end=\"2052\">Through our cookie banner<\/strong> at any time<\/p>\n<\/li>\n<li data-start=\"2065\" data-end=\"2301\">\n<p data-start=\"2067\" data-end=\"2099\"><strong data-start=\"2067\" data-end=\"2096\">Via your browser settings<\/strong>:<\/p>\n<ul data-start=\"2102\" data-end=\"2301\">\n<li data-start=\"2102\" data-end=\"2155\">\n<p data-start=\"2104\" data-end=\"2155\">Chrome: Settings &gt; Privacy and Security &gt; Cookies<\/p>\n<\/li>\n<li data-start=\"2158\" data-end=\"2203\">\n<p data-start=\"2160\" data-end=\"2203\">Firefox: Preferences &gt; Privacy &amp; Security<\/p>\n<\/li>\n<li data-start=\"2206\" data-end=\"2239\">\n<p data-start=\"2208\" data-end=\"2239\">Safari: Preferences &gt; Privacy<\/p>\n<\/li>\n<li data-start=\"2242\" data-end=\"2301\">\n<p data-start=\"2244\" data-end=\"2301\">Edge: Settings &gt; Site Permissions &gt; Cookies and site data<\/p>\n<\/li>\n<\/ul>\n<\/li>\n<\/ul>\n<blockquote data-start=\"2303\" data-end=\"2373\">\n<p data-start=\"2305\" data-end=\"2373\">Note: Disabling cookies may affect the functionality of our website.<\/p>\n<\/blockquote>\n<hr data-start=\"2375\" data-end=\"2378\" \/>\n<h3 data-start=\"2380\" data-end=\"2398\">6. Legal Basis<\/h3>\n<p data-start=\"2400\" data-end=\"2424\">We use cookies based on:<\/p>\n<ul data-start=\"2426\" data-end=\"2550\">\n<li data-start=\"2426\" data-end=\"2471\">\n<p data-start=\"2428\" data-end=\"2471\"><strong data-start=\"2428\" data-end=\"2439\">Consent<\/strong> (for analytics and advertising)<\/p>\n<\/li>\n<li data-start=\"2472\" data-end=\"2550\">\n<p data-start=\"2474\" data-end=\"2550\"><strong data-start=\"2474\" data-end=\"2497\">Legitimate interest<\/strong> or <strong data-start=\"2501\" data-end=\"2526\">contractual necessity<\/strong> (for necessary cookies)<\/p>\n<\/li>\n<\/ul>\n<hr data-start=\"2552\" data-end=\"2555\" \/>\n<h3 data-start=\"2557\" data-end=\"2578\">7. Data Retention<\/h3>\n<p data-start=\"2580\" data-end=\"2648\">Cookies are stored for varying durations depending on their purpose:<\/p>\n<ul data-start=\"2650\" data-end=\"2755\">\n<li data-start=\"2650\" data-end=\"2704\">\n<p data-start=\"2652\" data-end=\"2704\">Session cookies: deleted when you close your browser<\/p>\n<\/li>\n<li data-start=\"2705\" data-end=\"2755\">\n<p data-start=\"2707\" data-end=\"2755\">Persistent cookies: retained for up to 12 months<\/p>\n<\/li>\n<\/ul>\n<hr data-start=\"2757\" data-end=\"2760\" \/>\n<h3 data-start=\"2762\" data-end=\"2791\">8. Your Rights Under GDPR<\/h3>\n<p data-start=\"2793\" data-end=\"2815\">You have the right to:<\/p>\n<ul data-start=\"2817\" data-end=\"2961\">\n<li data-start=\"2817\" data-end=\"2844\">\n<p data-start=\"2819\" data-end=\"2844\">Access your personal data<\/p>\n<\/li>\n<li data-start=\"2845\" data-end=\"2877\">\n<p data-start=\"2847\" data-end=\"2877\">Request correction or deletion<\/p>\n<\/li>\n<li data-start=\"2878\" data-end=\"2913\">\n<p data-start=\"2880\" data-end=\"2913\">Withdraw your consent at any time<\/p>\n<\/li>\n<li data-start=\"2914\" data-end=\"2961\">\n<p data-start=\"2916\" data-end=\"2961\">File a complaint with a supervisory authority<\/p>\n<\/li>\n<\/ul>\n<p data-start=\"2963\" data-end=\"3030\">For more details, see our <a class=\"cursor-pointer\" rel=\"noopener\" data-start=\"2989\" data-end=\"3029\">Privacy Policy<\/a>.<\/p>\n<hr data-start=\"3032\" data-end=\"3035\" \/>\n<h3 data-start=\"3037\" data-end=\"3054\">9. Contact Us<\/h3>\n<p data-start=\"3056\" data-end=\"3121\">If you have any questions about our cookie practices, contact us:<\/p>\n<p data-start=\"3123\" data-end=\"3282\"><strong data-start=\"3123\" data-end=\"3147\">Good Night Kid Europe<\/strong><br data-start=\"3147\" data-end=\"3150\" \/>Email: cs<a class=\"cursor-pointer\" rel=\"noopener\" data-start=\"3160\" data-end=\"3184\">@goodnightkid.com<\/a><br data-start=\"3184\" data-end=\"3187\" \/>Address: S\u00fcleyman Seba cad. No:79 Be\u015fikta\u015f &#8211; ISTANBUL<br data-start=\"3253\" data-end=\"3256\" \/>Phone: +90-532-451-4402<\/p>\n<\/div><\/div><\/div><\/div><\/div>\n","protected":false},"excerpt":{"rendered":"","protected":false},"author":1,"featured_media":0,"parent":0,"menu_order":0,"comment_status":"closed","ping_status":"closed","template":"","meta":{"footnotes":""},"class_list":["post-24325","page","type-page","status-publish","hentry"],"_links":{"self":[{"href":"https:\/\/goodnightkid.com\/europe\/wp-json\/wp\/v2\/pages\/24325","targetHints":{"allow":["GET"]}}],"collection":[{"href":"https:\/\/goodnightkid.com\/europe\/wp-json\/wp\/v2\/pages"}],"about":[{"href":"https:\/\/goodnightkid.com\/europe\/wp-json\/wp\/v2\/types\/page"}],"author":[{"embeddable":true,"href":"https:\/\/goodnightkid.com\/europe\/wp-json\/wp\/v2\/users\/1"}],"replies":[{"embeddable":true,"href":"https:\/\/goodnightkid.com\/europe\/wp-json\/wp\/v2\/comments?post=24325"}],"version-history":[{"count":0,"href":"https:\/\/goodnightkid.com\/europe\/wp-json\/wp\/v2\/pages\/24325\/revisions"}],"wp:attachment":[{"href":"https:\/\/goodnightkid.com\/europe\/wp-json\/wp\/v2\/media?parent=24325"}],"curies":[{"name":"wp","href":"https:\/\/api.w.org\/{rel}","templated":true}]}}